{"id":4257,"date":"2023-08-09T06:50:57","date_gmt":"2023-08-09T06:50:57","guid":{"rendered":"https:\/\/finarbit.soxes-projects.ch\/impressum\/"},"modified":"2023-08-11T13:35:05","modified_gmt":"2023-08-11T13:35:05","slug":"mentions-legales","status":"publish","type":"page","link":"https:\/\/finarbit.soxes-projects.ch\/fr\/mentions-legales\/","title":{"rendered":"Mentions l\u00e9gales"},"content":{"rendered":"\t\t<div data-elementor-type=\"wp-page\" data-elementor-id=\"4257\" class=\"elementor elementor-4257 elementor-4218\" data-elementor-post-type=\"page\">\n\t\t\t\t\t\t\t\t\t<section class=\"elementor-section elementor-top-section elementor-element elementor-element-c2c6c93 elementor-section-content-middle elementor-section-boxed elementor-section-height-default elementor-section-height-default\" data-id=\"c2c6c93\" data-element_type=\"section\">\n\t\t\t\t\t\t<div class=\"elementor-container elementor-column-gap-default\">\n\t\t\t\t\t<div class=\"elementor-column elementor-col-25 elementor-top-column elementor-element elementor-element-96f8635\" data-id=\"96f8635\" data-element_type=\"column\">\n\t\t\t<div class=\"elementor-widget-wrap elementor-element-populated\">\n\t\t\t\t\t\t\t\t<div class=\"elementor-element elementor-element-dae651f elementor-widget elementor-widget-image\" data-id=\"dae651f\" data-element_type=\"widget\" data-widget_type=\"image.default\">\n\t\t\t\t<div class=\"elementor-widget-container\">\n\t\t\t<style>\/*! elementor - v3.17.0 - 08-11-2023 *\/\n.elementor-widget-image{text-align:center}.elementor-widget-image a{display:inline-block}.elementor-widget-image a img[src$=\".svg\"]{width:48px}.elementor-widget-image img{vertical-align:middle;display:inline-block}<\/style>\t\t\t\t\t\t\t\t\t\t\t\t<img loading=\"lazy\" decoding=\"async\" width=\"800\" height=\"143\" src=\"https:\/\/finarbit.soxes-projects.ch\/wp-content\/uploads\/2023\/01\/Finarbit_AG.jpg\" class=\"attachment-large size-large wp-image-3465\" alt=\"\" srcset=\"https:\/\/finarbit.soxes-projects.ch\/wp-content\/uploads\/2023\/01\/Finarbit_AG.jpg 800w, https:\/\/finarbit.soxes-projects.ch\/wp-content\/uploads\/2023\/01\/Finarbit_AG-300x54.jpg 300w, https:\/\/finarbit.soxes-projects.ch\/wp-content\/uploads\/2023\/01\/Finarbit_AG-768x137.jpg 768w\" sizes=\"auto, (max-width: 800px) 100vw, 800px\" \/>\t\t\t\t\t\t\t\t\t\t\t\t\t\t\t<\/div>\n\t\t\t\t<\/div>\n\t\t\t\t\t<\/div>\n\t\t<\/div>\n\t\t\t\t<div class=\"elementor-column elementor-col-25 elementor-top-column elementor-element elementor-element-cb6fbbf\" data-id=\"cb6fbbf\" data-element_type=\"column\">\n\t\t\t<div class=\"elementor-widget-wrap\">\n\t\t\t\t\t\t\t\t\t<\/div>\n\t\t<\/div>\n\t\t\t\t<div class=\"elementor-column elementor-col-50 elementor-top-column elementor-element elementor-element-89ea628\" data-id=\"89ea628\" data-element_type=\"column\">\n\t\t\t<div class=\"elementor-widget-wrap elementor-element-populated\">\n\t\t\t\t\t\t\t\t<div class=\"elementor-element elementor-element-d9de502 elementor-widget elementor-widget-heading\" data-id=\"d9de502\" data-element_type=\"widget\" data-widget_type=\"heading.default\">\n\t\t\t\t<div class=\"elementor-widget-container\">\n\t\t\t<style>\/*! elementor - v3.17.0 - 08-11-2023 *\/\n.elementor-heading-title{padding:0;margin:0;line-height:1}.elementor-widget-heading .elementor-heading-title[class*=elementor-size-]>a{color:inherit;font-size:inherit;line-height:inherit}.elementor-widget-heading .elementor-heading-title.elementor-size-small{font-size:15px}.elementor-widget-heading .elementor-heading-title.elementor-size-medium{font-size:19px}.elementor-widget-heading .elementor-heading-title.elementor-size-large{font-size:29px}.elementor-widget-heading .elementor-heading-title.elementor-size-xl{font-size:39px}.elementor-widget-heading .elementor-heading-title.elementor-size-xxl{font-size:59px}<\/style><h1 class=\"elementor-heading-title elementor-size-default\">Imprimer<\/h1>\t\t<\/div>\n\t\t\t\t<\/div>\n\t\t\t\t\t<\/div>\n\t\t<\/div>\n\t\t\t\t\t\t\t<\/div>\n\t\t<\/section>\n\t\t\t\t<section class=\"elementor-section elementor-top-section elementor-element elementor-element-290ea2a elementor-section-boxed elementor-section-height-default elementor-section-height-default\" data-id=\"290ea2a\" data-element_type=\"section\">\n\t\t\t\t\t\t<div class=\"elementor-container elementor-column-gap-default\">\n\t\t\t\t\t<div class=\"elementor-column elementor-col-25 elementor-top-column elementor-element elementor-element-eb16c99\" data-id=\"eb16c99\" data-element_type=\"column\">\n\t\t\t<div class=\"elementor-widget-wrap elementor-element-populated\">\n\t\t\t\t\t\t\t\t<div class=\"elementor-element elementor-element-be452de elementor-widget elementor-widget-text-editor\" data-id=\"be452de\" data-element_type=\"widget\" data-widget_type=\"text-editor.default\">\n\t\t\t\t<div class=\"elementor-widget-container\">\n\t\t\t<style>\/*! elementor - v3.17.0 - 08-11-2023 *\/\n.elementor-widget-text-editor.elementor-drop-cap-view-stacked .elementor-drop-cap{background-color:#69727d;color:#fff}.elementor-widget-text-editor.elementor-drop-cap-view-framed .elementor-drop-cap{color:#69727d;border:3px solid;background-color:transparent}.elementor-widget-text-editor:not(.elementor-drop-cap-view-default) .elementor-drop-cap{margin-top:8px}.elementor-widget-text-editor:not(.elementor-drop-cap-view-default) .elementor-drop-cap-letter{width:1em;height:1em}.elementor-widget-text-editor .elementor-drop-cap{float:left;text-align:center;line-height:1;font-size:50px}.elementor-widget-text-editor .elementor-drop-cap-letter{display:inline-block}<\/style>\t\t\t\t<p><b>Entreprise<\/b><\/p><p>Finarbit AG<\/p><p><b>Adress postale<br \/><\/b><\/p><p>Kohlrainstrasse 10<br \/>CH-8700 K\u00fcsnacht<\/p><p><b>T\u00e9l\u00e9phone<\/b><\/p><p><a href=\"tel:+41449138100\">+41 44 913 81 00<\/a><\/p><p><b>E-Mail<\/b><\/p><p><a href=\"mailto:info@finarbit.ch\">info@finarbit.ch<\/a><\/p><p><b>Internet<\/b><\/p><p>www.finarbit.ch<\/p>\t\t\t\t\t\t<\/div>\n\t\t\t\t<\/div>\n\t\t\t\t\t<\/div>\n\t\t<\/div>\n\t\t\t\t<div class=\"elementor-column elementor-col-25 elementor-top-column elementor-element elementor-element-2fea263\" data-id=\"2fea263\" data-element_type=\"column\">\n\t\t\t<div class=\"elementor-widget-wrap\">\n\t\t\t\t\t\t\t\t\t<\/div>\n\t\t<\/div>\n\t\t\t\t<div class=\"elementor-column elementor-col-50 elementor-top-column elementor-element elementor-element-60c5702\" data-id=\"60c5702\" data-element_type=\"column\">\n\t\t\t<div class=\"elementor-widget-wrap elementor-element-populated\">\n\t\t\t\t\t\t\t\t<div class=\"elementor-element elementor-element-379804f elementor-widget elementor-widget-text-editor\" data-id=\"379804f\" data-element_type=\"widget\" data-widget_type=\"text-editor.default\">\n\t\t\t\t<div class=\"elementor-widget-container\">\n\t\t\t\t\t\t\t<div class=\"Output INFO\" dir=\"ltr\"><div class=\"Output INFO\" dir=\"ltr\"><strong><span id=\"[0,5]\" class=\"word\">Forme<\/span> <span id=\"[6,15]\" class=\"word\">juridique<\/span><\/strong><\/div><div dir=\"ltr\">\u00a0<\/div><div dir=\"ltr\"><span id=\"[0,7]\" class=\"word\">Soci\u00e9t\u00e9<\/span> <span id=\"[8,15]\" class=\"word\">anonyme<\/span> <span id=\"[16,18]\" class=\"word\">de<\/span> <span id=\"[19,24]\" class=\"word\">droit<\/span> <span id=\"[25,31]\" class=\"word\">suisse<\/span><\/div><\/div><div dir=\"ltr\">\u00a0<\/div><p><b>Num\u00e9ro UID<br \/><\/b><\/p><p>CHE-106.709.037<\/p><p><b>Num\u00e9ro de TVA<br \/><\/b><\/p><p>CHE-116.293.251<\/p><p><b>Droits d&#8217;auteur<br \/><\/b><\/p><p><span id=\"[0,3]\" class=\"word\">Les<\/span> <span id=\"[4,10]\" class=\"word\">droits<\/span> <span id=\"[11,12]\" class=\"word\">d<\/span>&#8216;<span id=\"[13,19]\" class=\"word\">auteur<\/span> <span id=\"[20,22]\" class=\"word\">et<\/span> <span id=\"[23,27]\" class=\"word\">tous<\/span> <span id=\"[28,31]\" class=\"word\">les<\/span> <span id=\"[32,38]\" class=\"word\">autres<\/span> <span id=\"[39,45]\" class=\"word\">droits<\/span> <span id=\"[46,49]\" class=\"word\">sur<\/span> <span id=\"[50,53]\" class=\"word\">les<\/span> <span id=\"[54,62]\" class=\"word\">contenus<\/span>, <span id=\"[64,70]\" class=\"word\">images<\/span>, <span id=\"[72,77]\" class=\"word\">logos<\/span>, <span id=\"[79,85]\" class=\"word\">photos<\/span> <span id=\"[86,88]\" class=\"word\">et<\/span> <span id=\"[89,95]\" class=\"word\">autres<\/span> <span id=\"[96,104]\" class=\"word\">fichiers<\/span> <span id=\"[105,107]\" class=\"word\">de<\/span> <span id=\"[108,110]\" class=\"word\">la<\/span> <span id=\"[111,117]\" class=\"word\">partie<\/span> <span id=\"[118,126]\" class=\"word\">publique<\/span> <span id=\"[127,129]\" class=\"word\">du<\/span> <span id=\"[130,134]\" class=\"word\">site<\/span> <span id=\"[135,139]\" class=\"word\">sont<\/span> <span id=\"[140,142]\" class=\"word\">la<\/span> <span id=\"[143,152]\" class=\"word\">propri\u00e9t\u00e9<\/span> <span id=\"[153,162]\" class=\"word\">exclusive<\/span> <span id=\"[163,165]\" class=\"word\">de<\/span> <span id=\"[166,174]\" class=\"word\">Finarbit<\/span> <span id=\"[175,177]\" class=\"word\">AG<\/span>. <span id=\"[179,181]\" class=\"word\">La<\/span> <span id=\"[182,194]\" class=\"word\">reproduction<\/span> <span id=\"[195,197]\" class=\"word\">de<\/span> <span id=\"[198,202]\" class=\"word\">tous<\/span> <span id=\"[203,206]\" class=\"word\">les<\/span> <span id=\"[207,215]\" class=\"word\">\u00e9l\u00e9ments<\/span> <span id=\"[216,218]\" class=\"word\">et<\/span> <span id=\"[219,227]\" class=\"word\">contenus<\/span> <span id=\"[228,237]\" class=\"word\">n\u00e9cessite<\/span> <span id=\"[238,239]\" class=\"word\">l<\/span>&#8216;<span id=\"[240,252]\" class=\"word\">autorisation<\/span> <span id=\"[253,259]\" class=\"word\">\u00e9crite<\/span> <span id=\"[260,269]\" class=\"word\">pr\u00e9alable<\/span> <span id=\"[270,272]\" class=\"word\">de<\/span> <span id=\"[273,281]\" class=\"word\">Finarbit<\/span> <span id=\"[282,284]\" class=\"word\">AG<\/span>.<\/p>\t\t\t\t\t\t<\/div>\n\t\t\t\t<\/div>\n\t\t\t\t\t<\/div>\n\t\t<\/div>\n\t\t\t\t\t\t\t<\/div>\n\t\t<\/section>\n\t\t\t\t\t\t\t<\/div>\n\t\t","protected":false},"excerpt":{"rendered":"<p>Imprimer Entreprise Finarbit AG Adress postale Kohlrainstrasse 10CH-8700 K\u00fcsnacht T\u00e9l\u00e9phone +41 44 913 81 00 E-Mail info@finarbit.ch Internet www.finarbit.ch Forme juridique\u00a0Soci\u00e9t\u00e9 anonyme de droit suisse\u00a0 Num\u00e9ro UID CHE-106.709.037 Num\u00e9ro de TVA CHE-116.293.251 Droits d&#8217;auteur Les droits d&#8217;auteur et tous les autres droits sur les contenus, images, logos, photos et autres fichiers de la partie publique [&hellip;]<\/p>\n","protected":false},"author":1,"featured_media":0,"parent":0,"menu_order":0,"comment_status":"closed","ping_status":"closed","template":"elementor_header_footer","meta":{"_acf_changed":false,"_mi_skip_tracking":false,"_monsterinsights_sitenote_active":false,"_monsterinsights_sitenote_note":"","_monsterinsights_sitenote_category":0,"footnotes":""},"class_list":["post-4257","page","type-page","status-publish","hentry"],"acf":[],"_links":{"self":[{"href":"https:\/\/finarbit.soxes-projects.ch\/fr\/wp-json\/wp\/v2\/pages\/4257","targetHints":{"allow":["GET"]}}],"collection":[{"href":"https:\/\/finarbit.soxes-projects.ch\/fr\/wp-json\/wp\/v2\/pages"}],"about":[{"href":"https:\/\/finarbit.soxes-projects.ch\/fr\/wp-json\/wp\/v2\/types\/page"}],"author":[{"embeddable":true,"href":"https:\/\/finarbit.soxes-projects.ch\/fr\/wp-json\/wp\/v2\/users\/1"}],"replies":[{"embeddable":true,"href":"https:\/\/finarbit.soxes-projects.ch\/fr\/wp-json\/wp\/v2\/comments?post=4257"}],"version-history":[{"count":4,"href":"https:\/\/finarbit.soxes-projects.ch\/fr\/wp-json\/wp\/v2\/pages\/4257\/revisions"}],"predecessor-version":[{"id":4284,"href":"https:\/\/finarbit.soxes-projects.ch\/fr\/wp-json\/wp\/v2\/pages\/4257\/revisions\/4284"}],"wp:attachment":[{"href":"https:\/\/finarbit.soxes-projects.ch\/fr\/wp-json\/wp\/v2\/media?parent=4257"}],"curies":[{"name":"wp","href":"https:\/\/api.w.org\/{rel}","templated":true}]}}